{"id":449,"date":"2021-03-11T16:01:21","date_gmt":"2021-03-11T15:01:21","guid":{"rendered":"http:\/\/kunstrestaurierung.de\/?page_id=449"},"modified":"2021-04-27T11:09:59","modified_gmt":"2021-04-27T09:09:59","slug":"member-of","status":"publish","type":"page","link":"http:\/\/kunstrestaurierung.de\/?page_id=449","title":{"rendered":"Member of"},"content":{"rendered":"\t\t<div data-elementor-type=\"wp-page\" data-elementor-id=\"449\" class=\"elementor elementor-449\">\n\t\t\t\t\t\t\t\t\t<section class=\"elementor-section elementor-top-section elementor-element elementor-element-76cb6ce elementor-section-full_width elementor-section-height-default elementor-section-height-default\" data-id=\"76cb6ce\" data-element_type=\"section\" data-settings=\"{&quot;jet_parallax_layout_list&quot;:[{&quot;jet_parallax_layout_image&quot;:{&quot;url&quot;:&quot;&quot;,&quot;id&quot;:&quot;&quot;},&quot;_id&quot;:&quot;b44084b&quot;,&quot;jet_parallax_layout_image_tablet&quot;:{&quot;url&quot;:&quot;&quot;,&quot;id&quot;:&quot;&quot;},&quot;jet_parallax_layout_image_mobile&quot;:{&quot;url&quot;:&quot;&quot;,&quot;id&quot;:&quot;&quot;},&quot;jet_parallax_layout_speed&quot;:{&quot;unit&quot;:&quot;%&quot;,&quot;size&quot;:50,&quot;sizes&quot;:[]},&quot;jet_parallax_layout_type&quot;:&quot;scroll&quot;,&quot;jet_parallax_layout_direction&quot;:null,&quot;jet_parallax_layout_fx_direction&quot;:null,&quot;jet_parallax_layout_z_index&quot;:&quot;&quot;,&quot;jet_parallax_layout_bg_x&quot;:50,&quot;jet_parallax_layout_bg_x_tablet&quot;:&quot;&quot;,&quot;jet_parallax_layout_bg_x_mobile&quot;:&quot;&quot;,&quot;jet_parallax_layout_bg_y&quot;:50,&quot;jet_parallax_layout_bg_y_tablet&quot;:&quot;&quot;,&quot;jet_parallax_layout_bg_y_mobile&quot;:&quot;&quot;,&quot;jet_parallax_layout_bg_size&quot;:&quot;auto&quot;,&quot;jet_parallax_layout_bg_size_tablet&quot;:&quot;&quot;,&quot;jet_parallax_layout_bg_size_mobile&quot;:&quot;&quot;,&quot;jet_parallax_layout_animation_prop&quot;:&quot;transform&quot;,&quot;jet_parallax_layout_on&quot;:[&quot;desktop&quot;,&quot;tablet&quot;]}]}\">\n\t\t\t\t\t\t<div class=\"elementor-container elementor-column-gap-default\">\n\t\t\t\t\t<div class=\"elementor-column elementor-col-25 elementor-top-column elementor-element elementor-element-a562520\" data-id=\"a562520\" data-element_type=\"column\">\n\t\t\t<div class=\"elementor-widget-wrap\">\n\t\t\t\t\t\t\t\t\t<\/div>\n\t\t<\/div>\n\t\t\t\t<div class=\"elementor-column elementor-col-25 elementor-top-column elementor-element elementor-element-db6c096\" data-id=\"db6c096\" data-element_type=\"column\">\n\t\t\t<div class=\"elementor-widget-wrap elementor-element-populated\">\n\t\t\t\t\t\t\t\t<div class=\"elementor-element elementor-element-7ffc541 elementor-invisible elementor-widget elementor-widget-heading\" data-id=\"7ffc541\" data-element_type=\"widget\" data-settings=\"{&quot;_animation&quot;:&quot;fadeIn&quot;}\" data-widget_type=\"heading.default\">\n\t\t\t\t<div class=\"elementor-widget-container\">\n\t\t\t<h2 class=\"elementor-heading-title elementor-size-default\">Member of<\/h2>\t\t<\/div>\n\t\t\t\t<\/div>\n\t\t\t\t<div class=\"elementor-element elementor-element-1b4564b elementor-widget elementor-widget-image\" data-id=\"1b4564b\" data-element_type=\"widget\" data-widget_type=\"image.default\">\n\t\t\t\t<div class=\"elementor-widget-container\">\n\t\t\t\t\t\t\t\t\t\t\t\t\t\t\t<img loading=\"lazy\" decoding=\"async\" width=\"255\" height=\"8\" src=\"http:\/\/kunstrestaurierung.de\/wp-content\/uploads\/2021\/03\/linie_rot.svg\" class=\"attachment-large size-large\" alt=\"\" \/>\t\t\t\t\t\t\t\t\t\t\t\t\t\t\t<\/div>\n\t\t\t\t<\/div>\n\t\t\t\t\t<\/div>\n\t\t<\/div>\n\t\t\t\t<div class=\"elementor-column elementor-col-25 elementor-top-column elementor-element elementor-element-3e27b91\" data-id=\"3e27b91\" data-element_type=\"column\">\n\t\t\t<div class=\"elementor-widget-wrap\">\n\t\t\t\t\t\t\t\t\t<\/div>\n\t\t<\/div>\n\t\t\t\t<div class=\"elementor-column elementor-col-25 elementor-top-column elementor-element elementor-element-2e8cb69\" data-id=\"2e8cb69\" data-element_type=\"column\">\n\t\t\t<div class=\"elementor-widget-wrap\">\n\t\t\t\t\t\t\t\t\t<\/div>\n\t\t<\/div>\n\t\t\t\t\t\t\t<\/div>\n\t\t<\/section>\n\t\t\t\t<section class=\"elementor-section elementor-top-section elementor-element elementor-element-a052d9b elementor-section-full_width elementor-section-height-default elementor-section-height-default\" data-id=\"a052d9b\" data-element_type=\"section\" data-settings=\"{&quot;jet_parallax_layout_list&quot;:[{&quot;jet_parallax_layout_image&quot;:{&quot;url&quot;:&quot;&quot;,&quot;id&quot;:&quot;&quot;},&quot;_id&quot;:&quot;912cfb4&quot;,&quot;jet_parallax_layout_image_tablet&quot;:{&quot;url&quot;:&quot;&quot;,&quot;id&quot;:&quot;&quot;},&quot;jet_parallax_layout_image_mobile&quot;:{&quot;url&quot;:&quot;&quot;,&quot;id&quot;:&quot;&quot;},&quot;jet_parallax_layout_speed&quot;:{&quot;unit&quot;:&quot;%&quot;,&quot;size&quot;:50,&quot;sizes&quot;:[]},&quot;jet_parallax_layout_type&quot;:&quot;scroll&quot;,&quot;jet_parallax_layout_direction&quot;:null,&quot;jet_parallax_layout_fx_direction&quot;:null,&quot;jet_parallax_layout_z_index&quot;:&quot;&quot;,&quot;jet_parallax_layout_bg_x&quot;:50,&quot;jet_parallax_layout_bg_x_tablet&quot;:&quot;&quot;,&quot;jet_parallax_layout_bg_x_mobile&quot;:&quot;&quot;,&quot;jet_parallax_layout_bg_y&quot;:50,&quot;jet_parallax_layout_bg_y_tablet&quot;:&quot;&quot;,&quot;jet_parallax_layout_bg_y_mobile&quot;:&quot;&quot;,&quot;jet_parallax_layout_bg_size&quot;:&quot;auto&quot;,&quot;jet_parallax_layout_bg_size_tablet&quot;:&quot;&quot;,&quot;jet_parallax_layout_bg_size_mobile&quot;:&quot;&quot;,&quot;jet_parallax_layout_animation_prop&quot;:&quot;transform&quot;,&quot;jet_parallax_layout_on&quot;:[&quot;desktop&quot;,&quot;tablet&quot;]}]}\">\n\t\t\t\t\t\t<div class=\"elementor-container elementor-column-gap-default\">\n\t\t\t\t\t<div class=\"elementor-column elementor-col-25 elementor-top-column elementor-element elementor-element-dc4b8ef\" data-id=\"dc4b8ef\" data-element_type=\"column\">\n\t\t\t<div class=\"elementor-widget-wrap\">\n\t\t\t\t\t\t\t\t\t<\/div>\n\t\t<\/div>\n\t\t\t\t<div class=\"elementor-column elementor-col-25 elementor-top-column elementor-element elementor-element-68552d9\" data-id=\"68552d9\" data-element_type=\"column\">\n\t\t\t<div class=\"elementor-widget-wrap elementor-element-populated\">\n\t\t\t\t\t\t\t\t<div class=\"elementor-element elementor-element-0bd172e elementor-widget elementor-widget-text-editor\" data-id=\"0bd172e\" data-element_type=\"widget\" data-widget_type=\"text-editor.default\">\n\t\t\t\t<div class=\"elementor-widget-container\">\n\t\t\t\t\t\t\t<h4>Neferhotep e.V.<\/h4>\t\t\t\t\t\t<\/div>\n\t\t\t\t<\/div>\n\t\t\t\t<div class=\"elementor-element elementor-element-e570402 elementor-widget elementor-widget-text-editor\" data-id=\"e570402\" data-element_type=\"widget\" data-widget_type=\"text-editor.default\">\n\t\t\t\t<div class=\"elementor-widget-container\">\n\t\t\t\t\t\t\t<p>Der K\u00f6lner Verein Neferhotep e.V. hat es sich zur Aufgabe gemacht, einen direkten Beitrag zum Erhalt der einzigartigen Kunstwerke in den Nekropolen Thebens zu leisten. Daher unterst\u00fctzt der Verein ein Projekt ehrenamtlich t\u00e4tiger Restauratoren, \u00c4gyptologen, Kunsthistoriker und Architekten zur Erhaltung und Untersuchung des Grabes von Neferhotep (TT 49) im Tal der Privatgr\u00e4ber in Theben.<br \/>Auf diesem Weg sollen Freunde der \u00e4gyptischen Kunst die M\u00f6glichkeit haben, ein auf privater Initiative basierendes Projekt und dessen Durchf\u00fchrung auf hohem wissenschaftlichem Niveau zu erm\u00f6glichen.<br \/>F\u00f6rdermitglieder werden durch regelm\u00e4\u00dfige Schreiben an dem Verlauf der Arbeiten unmittelbar beteiligt und \u00fcber Problemstellungen und Neuigkeiten informiert.<\/p><p>Vorstand: Christina Verbeek, Susanne Brinkmann, Thomas Haupts<\/p><h5>Kontakt:<\/h5><p>Neferhotep e.V.<br \/>Schwerinstrasse 18<br \/>50733 K\u00f6ln<br \/><strong> <a href=\"http:\/\/www.neferhotep.de\">www.neferhotep.de<\/a><br \/>neferhotep(at)gmx(dot)de<\/strong><\/p>\t\t\t\t\t\t<\/div>\n\t\t\t\t<\/div>\n\t\t\t\t\t<\/div>\n\t\t<\/div>\n\t\t\t\t<div class=\"elementor-column elementor-col-25 elementor-top-column elementor-element elementor-element-0dbe914\" data-id=\"0dbe914\" data-element_type=\"column\">\n\t\t\t<div class=\"elementor-widget-wrap elementor-element-populated\">\n\t\t\t\t\t\t\t\t<div class=\"elementor-element elementor-element-7ee5ca9 elementor-widget elementor-widget-text-editor\" data-id=\"7ee5ca9\" data-element_type=\"widget\" data-widget_type=\"text-editor.default\">\n\t\t\t\t<div class=\"elementor-widget-container\">\n\t\t\t\t\t\t\t<h4>Institut f\u00fcr Restaurierung, Wasserburg<\/h4>\t\t\t\t\t\t<\/div>\n\t\t\t\t<\/div>\n\t\t\t\t<div class=\"elementor-element elementor-element-bd0f3db elementor-widget elementor-widget-text-editor\" data-id=\"bd0f3db\" data-element_type=\"widget\" data-widget_type=\"text-editor.default\">\n\t\t\t\t<div class=\"elementor-widget-container\">\n\t\t\t\t\t\t\t<p>Das Institut f\u00fcr Restaurierung Wasserburg (IfRW) ist ein projektbezogener Verbund von Restauratoren und Diplomrestauratoren unterschiedlicher Spezialisierung.<br \/>Es hat sich zur Aufgabe gemacht die enge Zusammenarbeit zwischen Restauratoren und Naturwissenschaftlern zu f\u00f6rdern. So k\u00f6nnen Konzepte, Arbeitsmuster und Restaurierungen bereits w\u00e4hrend der Erarbeitungsphase interdisziplin\u00e4r diskutiert werden.\u00a0Das Leistungsspektrum der involvierten Restauratoren umfasst Befunduntersuchungen, Konzepterstellung im Bereich Wandmalerei- und Stein- sowie Holz- und Gem\u00e4lderestaurierung sowie Bauforschung.<\/p><p><a href=\"http:\/\/www.ifrw.de\"><strong>www.ifrw.de<\/strong><\/a><\/p><h4>L.I.S.A.<\/h4><p>Das Wissenschaftsportal der Gerda Henkel Stiftung.<\/p><p><a href=\"http:\/\/www.lisa.gerda-henkel-stiftung.de\"><strong>www.lisa.gerda-henkel-stiftung.de<\/strong><\/a><\/p><h4>Verband der Restauratoren (VDR)<\/h4><p><a href=\"http:\/\/www.lisa.gerda-henkel-stiftung.de\"><strong>www.restauratoren.de<\/strong><\/a><\/p>\t\t\t\t\t\t<\/div>\n\t\t\t\t<\/div>\n\t\t\t\t\t<\/div>\n\t\t<\/div>\n\t\t\t\t<div class=\"elementor-column elementor-col-25 elementor-top-column elementor-element elementor-element-bbc80f1\" data-id=\"bbc80f1\" data-element_type=\"column\">\n\t\t\t<div class=\"elementor-widget-wrap\">\n\t\t\t\t\t\t\t\t\t<\/div>\n\t\t<\/div>\n\t\t\t\t\t\t\t<\/div>\n\t\t<\/section>\n\t\t\t\t\t\t\t<\/div>\n\t\t","protected":false},"excerpt":{"rendered":"<p>Member of Neferhotep e.V. Der K\u00f6lner Verein Neferhotep e.V. hat es sich zur Aufgabe gemacht, einen direkten Beitrag zum Erhalt der einzigartigen Kunstwerke in den Nekropolen Thebens zu leisten. Daher unterst\u00fctzt der Verein ein Projekt ehrenamtlich t\u00e4tiger Restauratoren, \u00c4gyptologen, Kunsthistoriker und Architekten zur Erhaltung und Untersuchung des Grabes von Neferhotep (TT 49) im Tal der [&hellip;]<\/p>\n","protected":false},"author":1,"featured_media":0,"parent":0,"menu_order":0,"comment_status":"closed","ping_status":"closed","template":"full-width.php","meta":{"footnotes":""},"class_list":["post-449","page","type-page","status-publish","hentry"],"acf":[],"aioseo_notices":[],"_links":{"self":[{"href":"http:\/\/kunstrestaurierung.de\/index.php?rest_route=\/wp\/v2\/pages\/449","targetHints":{"allow":["GET"]}}],"collection":[{"href":"http:\/\/kunstrestaurierung.de\/index.php?rest_route=\/wp\/v2\/pages"}],"about":[{"href":"http:\/\/kunstrestaurierung.de\/index.php?rest_route=\/wp\/v2\/types\/page"}],"author":[{"embeddable":true,"href":"http:\/\/kunstrestaurierung.de\/index.php?rest_route=\/wp\/v2\/users\/1"}],"replies":[{"embeddable":true,"href":"http:\/\/kunstrestaurierung.de\/index.php?rest_route=%2Fwp%2Fv2%2Fcomments&post=449"}],"version-history":[{"count":13,"href":"http:\/\/kunstrestaurierung.de\/index.php?rest_route=\/wp\/v2\/pages\/449\/revisions"}],"predecessor-version":[{"id":760,"href":"http:\/\/kunstrestaurierung.de\/index.php?rest_route=\/wp\/v2\/pages\/449\/revisions\/760"}],"wp:attachment":[{"href":"http:\/\/kunstrestaurierung.de\/index.php?rest_route=%2Fwp%2Fv2%2Fmedia&parent=449"}],"curies":[{"name":"wp","href":"https:\/\/api.w.org\/{rel}","templated":true}]}}