{"id":522,"date":"2021-03-11T16:57:24","date_gmt":"2021-03-11T15:57:24","guid":{"rendered":"http:\/\/kunstrestaurierung.de\/?page_id=522"},"modified":"2025-01-23T10:50:28","modified_gmt":"2025-01-23T09:50:28","slug":"vortraege-publikationen","status":"publish","type":"page","link":"http:\/\/kunstrestaurierung.de\/?page_id=522","title":{"rendered":"Vortr\u00e4ge &#038; Publikationen"},"content":{"rendered":"\t\t<div data-elementor-type=\"wp-page\" data-elementor-id=\"522\" class=\"elementor elementor-522\">\n\t\t\t\t\t\t\t\t\t<section class=\"elementor-section elementor-top-section elementor-element elementor-element-d44555d elementor-section-full_width elementor-section-height-default elementor-section-height-default\" data-id=\"d44555d\" data-element_type=\"section\" data-settings=\"{&quot;jet_parallax_layout_list&quot;:[{&quot;jet_parallax_layout_image&quot;:{&quot;url&quot;:&quot;&quot;,&quot;id&quot;:&quot;&quot;},&quot;_id&quot;:&quot;6cc50e6&quot;,&quot;jet_parallax_layout_image_tablet&quot;:{&quot;url&quot;:&quot;&quot;,&quot;id&quot;:&quot;&quot;},&quot;jet_parallax_layout_image_mobile&quot;:{&quot;url&quot;:&quot;&quot;,&quot;id&quot;:&quot;&quot;},&quot;jet_parallax_layout_speed&quot;:{&quot;unit&quot;:&quot;%&quot;,&quot;size&quot;:50,&quot;sizes&quot;:[]},&quot;jet_parallax_layout_type&quot;:&quot;scroll&quot;,&quot;jet_parallax_layout_direction&quot;:null,&quot;jet_parallax_layout_fx_direction&quot;:null,&quot;jet_parallax_layout_z_index&quot;:&quot;&quot;,&quot;jet_parallax_layout_bg_x&quot;:50,&quot;jet_parallax_layout_bg_x_tablet&quot;:&quot;&quot;,&quot;jet_parallax_layout_bg_x_mobile&quot;:&quot;&quot;,&quot;jet_parallax_layout_bg_y&quot;:50,&quot;jet_parallax_layout_bg_y_tablet&quot;:&quot;&quot;,&quot;jet_parallax_layout_bg_y_mobile&quot;:&quot;&quot;,&quot;jet_parallax_layout_bg_size&quot;:&quot;auto&quot;,&quot;jet_parallax_layout_bg_size_tablet&quot;:&quot;&quot;,&quot;jet_parallax_layout_bg_size_mobile&quot;:&quot;&quot;,&quot;jet_parallax_layout_animation_prop&quot;:&quot;transform&quot;,&quot;jet_parallax_layout_on&quot;:[&quot;desktop&quot;,&quot;tablet&quot;]}]}\">\n\t\t\t\t\t\t<div class=\"elementor-container elementor-column-gap-default\">\n\t\t\t\t\t<div class=\"elementor-column elementor-col-25 elementor-top-column elementor-element elementor-element-a2cece0\" data-id=\"a2cece0\" data-element_type=\"column\">\n\t\t\t<div class=\"elementor-widget-wrap\">\n\t\t\t\t\t\t\t\t\t<\/div>\n\t\t<\/div>\n\t\t\t\t<div class=\"elementor-column elementor-col-25 elementor-top-column elementor-element elementor-element-8a5c9c7\" data-id=\"8a5c9c7\" data-element_type=\"column\">\n\t\t\t<div class=\"elementor-widget-wrap elementor-element-populated\">\n\t\t\t\t\t\t\t\t<div class=\"elementor-element elementor-element-bdb3d17 elementor-widget elementor-widget-heading\" data-id=\"bdb3d17\" data-element_type=\"widget\" data-widget_type=\"heading.default\">\n\t\t\t\t<div class=\"elementor-widget-container\">\n\t\t\t<h2 class=\"elementor-heading-title elementor-size-default\">Vortr\u00e4ge & Publikationen<\/h2>\t\t<\/div>\n\t\t\t\t<\/div>\n\t\t\t\t<div class=\"elementor-element elementor-element-0c24a11 elementor-widget elementor-widget-image\" data-id=\"0c24a11\" data-element_type=\"widget\" data-widget_type=\"image.default\">\n\t\t\t\t<div class=\"elementor-widget-container\">\n\t\t\t\t\t\t\t\t\t\t\t\t\t\t\t<img loading=\"lazy\" decoding=\"async\" width=\"255\" height=\"8\" src=\"http:\/\/kunstrestaurierung.de\/wp-content\/uploads\/2021\/03\/linie_rot.svg\" class=\"attachment-large size-large\" alt=\"\" \/>\t\t\t\t\t\t\t\t\t\t\t\t\t\t\t<\/div>\n\t\t\t\t<\/div>\n\t\t\t\t\t<\/div>\n\t\t<\/div>\n\t\t\t\t<div class=\"elementor-column elementor-col-25 elementor-top-column elementor-element elementor-element-ed839ba\" data-id=\"ed839ba\" data-element_type=\"column\">\n\t\t\t<div class=\"elementor-widget-wrap\">\n\t\t\t\t\t\t\t\t\t<\/div>\n\t\t<\/div>\n\t\t\t\t<div class=\"elementor-column elementor-col-25 elementor-top-column elementor-element elementor-element-a136ed3\" data-id=\"a136ed3\" data-element_type=\"column\">\n\t\t\t<div class=\"elementor-widget-wrap\">\n\t\t\t\t\t\t\t\t\t<\/div>\n\t\t<\/div>\n\t\t\t\t\t\t\t<\/div>\n\t\t<\/section>\n\t\t\t\t<section class=\"elementor-section elementor-top-section elementor-element elementor-element-fb68835 elementor-section-full_width elementor-section-height-default elementor-section-height-default\" data-id=\"fb68835\" data-element_type=\"section\" data-settings=\"{&quot;jet_parallax_layout_list&quot;:[{&quot;jet_parallax_layout_image&quot;:{&quot;url&quot;:&quot;&quot;,&quot;id&quot;:&quot;&quot;},&quot;_id&quot;:&quot;7c59fe9&quot;,&quot;jet_parallax_layout_image_tablet&quot;:{&quot;url&quot;:&quot;&quot;,&quot;id&quot;:&quot;&quot;},&quot;jet_parallax_layout_image_mobile&quot;:{&quot;url&quot;:&quot;&quot;,&quot;id&quot;:&quot;&quot;},&quot;jet_parallax_layout_speed&quot;:{&quot;unit&quot;:&quot;%&quot;,&quot;size&quot;:50,&quot;sizes&quot;:[]},&quot;jet_parallax_layout_type&quot;:&quot;scroll&quot;,&quot;jet_parallax_layout_direction&quot;:null,&quot;jet_parallax_layout_fx_direction&quot;:null,&quot;jet_parallax_layout_z_index&quot;:&quot;&quot;,&quot;jet_parallax_layout_bg_x&quot;:50,&quot;jet_parallax_layout_bg_x_tablet&quot;:&quot;&quot;,&quot;jet_parallax_layout_bg_x_mobile&quot;:&quot;&quot;,&quot;jet_parallax_layout_bg_y&quot;:50,&quot;jet_parallax_layout_bg_y_tablet&quot;:&quot;&quot;,&quot;jet_parallax_layout_bg_y_mobile&quot;:&quot;&quot;,&quot;jet_parallax_layout_bg_size&quot;:&quot;auto&quot;,&quot;jet_parallax_layout_bg_size_tablet&quot;:&quot;&quot;,&quot;jet_parallax_layout_bg_size_mobile&quot;:&quot;&quot;,&quot;jet_parallax_layout_animation_prop&quot;:&quot;transform&quot;,&quot;jet_parallax_layout_on&quot;:[&quot;desktop&quot;,&quot;tablet&quot;]}]}\">\n\t\t\t\t\t\t<div class=\"elementor-container elementor-column-gap-default\">\n\t\t\t\t\t<div class=\"elementor-column elementor-col-25 elementor-top-column elementor-element elementor-element-cb52055\" data-id=\"cb52055\" data-element_type=\"column\">\n\t\t\t<div class=\"elementor-widget-wrap\">\n\t\t\t\t\t\t\t\t\t<\/div>\n\t\t<\/div>\n\t\t\t\t<div class=\"elementor-column elementor-col-25 elementor-top-column elementor-element elementor-element-1d044ae\" data-id=\"1d044ae\" data-element_type=\"column\">\n\t\t\t<div class=\"elementor-widget-wrap elementor-element-populated\">\n\t\t\t\t\t\t\t\t<div class=\"elementor-element elementor-element-038659b elementor-widget elementor-widget-text-editor\" data-id=\"038659b\" data-element_type=\"widget\" data-widget_type=\"text-editor.default\">\n\t\t\t\t<div class=\"elementor-widget-container\">\n\t\t\t\t\t\t\t<h4>Vortr\u00e4ge (Auswahl)<\/h4>\t\t\t\t\t\t<\/div>\n\t\t\t\t<\/div>\n\t\t\t\t<div class=\"elementor-element elementor-element-5ae8800 elementor-widget elementor-widget-text-editor\" data-id=\"5ae8800\" data-element_type=\"widget\" data-widget_type=\"text-editor.default\">\n\t\t\t\t<div class=\"elementor-widget-container\">\n\t\t\t\t\t\t\t<p><strong>20.11.2024<br \/><\/strong>Ber\u00fchrungslose Reinigung &#8211; M\u00f6glichkeiten und Grenzen der Lasertechnik. IfS Tagung Hanau<\/p><p><strong>13.12.2023<\/strong><strong><br \/><\/strong>Der portable Laser CL20 in der Restaurierung. Online Vortrag im Rahmen der Fortbildung zu Laserreinigung des ISKD<\/p><p><strong>06.09.2016<br \/><\/strong>N\u00fcrnberg, St. Lorenz: Restaurierungsprojekt \u201cSch\u00f6ne Madonna\u201d und Anbetungsgruppe \u2013 Ein Zwischenbericht<\/p><p><strong>01.09.2016<br \/><\/strong>Mainz, St. Ignaz: Restaurierung des Innenraumes der klassizistischen Kirche St. Ignaz<\/p><p><strong>11.02.2016<br \/><\/strong>Luxor, Egypt: Conservation and Lasercleaning of Wall Paintings in the tomb of Neferhotep TT49<\/p><p><strong>24.01.2015<\/strong><br \/>Berlin, Salon Sophie Charlotte (Akademie der Wissenschaft): Das Leuchten hinter der schwarzen Wand<\/p><p><strong>12.06.2014<\/strong><br \/>LACONA X (Laser in conservation), Sharjah (Vereinigte Arabische Emirate): Laser-cleaning of ancient egyptian wall pantings in the tomb of Neferhotep TT49<\/p><p><strong>24.05.2013<\/strong><br \/>K\u00f6ln: University of Applied Sciences CICS<br \/>DFG-Projekte Athribis und Wadi Sura, neun Jahre Forschung in \u00c4gypten. (Chr. Verbeek &amp; S. Krause)<\/p><p><strong>31.01.2012<\/strong><br \/>Bonn: \u00c4gyptisches Museum.<br \/>Laser im Alten \u00c4gypten: Die Konservierung der Grabkammer des Neferhotep TT49<\/p><p><strong>06.04.2005<\/strong><br \/>KV Neuss: Restaurierung in \u00c4gypten.<br \/>Die Arbeit in einer alt\u00e4gyptischen Grabkammer<\/p><p><strong>25.06.2004<\/strong><br \/>D\u00fcsseldorfer \u00c4gyptischer-Club e.V.: Das Grab des Neferhotep. Erforschung und Konservierung einer alt\u00e4gyptischen Grabanlage in Theben<\/p><p><strong>26. \u2013 28.4.2004<\/strong><br \/>International Conference for Restoration and Conservation of Egyptian Monuments<br \/>\u201cPainted surfaces\u201d Study, Documentation and Conservation, Goethe-Institute Cairo: PROCON TT49, Tomb of Neferhotep TT49 Conservation project<\/p><p><strong>20.10.2003<\/strong><br \/>Deutsch-\u00c4gyptische Gesellschaft, Uni K\u00f6ln: Die Erforschung und Konservierung der Grabkammer des Neferhotep in Theben\/\u00c4gypten<\/p><p><strong>04.07.2003<\/strong><br \/>Cats e.V., K\u00f6ln:\u00a0Gef\u00f6rdert durch Frau El Saddik, Vorsitzende von Cats e.V. sowie Direktorin des \u00c4gyptischen Museums Kairo<\/p><p><strong>10.10.2002<\/strong><br \/>Zonta-Club, Krefeld: Restaurierung in \u00c4gypten. Das Grab des Neferhotep. Erforschung und Konservierung einer alt\u00e4gyptischen Grabanlage in Theben<\/p><p><strong>20.03.2002<\/strong><br \/>Zonta-Club, M\u00f6nchengladbach: Restaurierung in \u00c4gypten. Das Grab des Neferhotep. Erforschung und Konservierung einer alt\u00e4gyptischen Grabanlage in Theben<\/p><p><strong>23.01.2002<\/strong><br \/>IBERO-Club, Bonn: Die Erforschung und Konservierung der Grabkammer des Neferhotep in Theben\/\u00c4gypten \u2013 ein argentinisch-deutsches Forschungsprojekt<\/p><p><strong>Filmprojekt:<\/strong> <a href=\"http:\/\/www.lisa.gerda-henkel-stiftung.de\/videos_projects_watch.php?nav_id=947\">www.lisa.gerda-henkel-stiftung.de\/videos_projects_watch.php?nav_id=947<\/a><\/p>\t\t\t\t\t\t<\/div>\n\t\t\t\t<\/div>\n\t\t\t\t\t<\/div>\n\t\t<\/div>\n\t\t\t\t<div class=\"elementor-column elementor-col-25 elementor-top-column elementor-element elementor-element-e6b5adf\" data-id=\"e6b5adf\" data-element_type=\"column\">\n\t\t\t<div class=\"elementor-widget-wrap elementor-element-populated\">\n\t\t\t\t\t\t\t\t<div class=\"elementor-element elementor-element-0245837 elementor-widget elementor-widget-text-editor\" data-id=\"0245837\" data-element_type=\"widget\" data-widget_type=\"text-editor.default\">\n\t\t\t\t<div class=\"elementor-widget-container\">\n\t\t\t\t\t\t\t<h4>Ver\u00f6ffentlichungen<\/h4>\t\t\t\t\t\t<\/div>\n\t\t\t\t<\/div>\n\t\t\t\t<div class=\"elementor-element elementor-element-210aa9b elementor-widget elementor-widget-text-editor\" data-id=\"210aa9b\" data-element_type=\"widget\" data-widget_type=\"text-editor.default\">\n\t\t\t\t<div class=\"elementor-widget-container\">\n\t\t\t\t\t\t\t<p>Brinkmann, S.; Hahn, H.; M\u00fcnchau, M.: \u201eLebensfreude\u201c zwischen Rentenstelle und Kantine. In: Denkmalpflege im Rheinland Heft 2\/ 1994,<br>S. 61 &#8211;&nbsp; 64<\/p>\n<p>Hahn, H.; Verbeek, C.: Die Figurenspolien von Kranenburg\/Niederrhein. In: Denkmalpflege im Rheinland Heft 4\/1995, S. 186 f.<\/p>\n<p>Restauratorinnen in Theben\/Ober\u00e4gypten \u2013 German Conservation Projekt. In: Restauro Heft 8\/2002. Hrsg. Callwey Verlag, M\u00fcnchen. S. 547<\/p>\n<p>Brinkmann, S.; Graue, B.; Verbeek, C.: Die Erforschung und Konservierung der Grabkammer des Neferhotep in Theben.&nbsp; In: Kemet Heft 1\/2002. S. 62 \u2013 66<\/p>\n<p>Jagd und Kunst zum Lustgewinn. In: Monumente Heft 3\/4 \u2013 2002. Hrsg. Deutsche Stiftung Denkmalschutz, S. 34 \u2013 38<\/p>\n<p>Brinkmann, S.: Wandmalereien aus Raum 7 der provinzialr\u00f6mischen Palastvilla in Vichten, Luxemburg \u2013 Ergebnisse der technologischen Untersuchung. In: Zeitschrift f\u00fcr Kunsttechnologie und Konservierung, Heft 2\/2002. Hrsg. Wernersche Verlagsgesellschaft, Worms a. Rhein. S. 181 \u2013 192<\/p>\n<p>Verbeek Chr., Leisen H., Bucher S., von Plehwe-Leisen E.: Erhaltung von Felsmalereien in Uruguay \u2013 das Projekt ICARU. In: Technology Resource Management and Development. 25 years of interdisciplinary research for the tropics and subtropics, Vol. 3, K\u00f6ln 2004, S. 133-141<\/p>\n<p>Brinkmann, S.; Graue, B.; Verbeek, C.: Die Erforschung und Konservierung der alt\u00e4gyptischen Grabkammer des Neferhotep in Theben. In: In &amp; Out. Projekte aus Forschung und Lehre. Institut f\u00fcr Restaurierungs- und Konservierungswissenschaft K\u00f6ln. K\u00f6ln 2006, S. 29-34<\/p>\n<p>Brinkmann, S.; Verbeek, Chr.: Das d\u00fcstere Verm\u00e4chtnis des Neferhotep. Vom Ru\u00df befreit, erstrahlen die Gem\u00e4lde aus der Grabkammer des thebanischen Beamten. In: Antike Welt 4\/2008, Philipp von Zabern, Mainz 2008<\/p>\n<p>Brinkmann, S.; Graue, B.; Verbeek, C.: Anwendung eines Faserlasers zur Reinigung alt\u00e4gyptischer Wandmalereien und farbig gefasster Kalksteinoberfl\u00e4chen. In: Laserreinigung in Restaurierung und Denkmalpflege. Fraunhofer Verlag 2009, S. 67-81<\/p>\n<p>Brinkmann, S.; Graue, B.; Pereyra, V. M.; Verbeek, C.: Laser cleaning tomb paintings at Luxor (TT49). In: KMT A Modern Journal of Ancient Egypt. Sebastopol Canada 2010, S. 18-34<\/p>\n<p>Brinkmann, S.; Graue, B.; Verbeek, C.: Einsatz eines modifizierten Faserlasers bei der Reinigung von Wandmalereien und gefassten Kalksteinoberfl\u00e4chen in einer alt\u00e4gyptischen Grabkammer. In: WTA Bausubstanz 3\/2010<\/p>\n<p>Leisen, H.; Verbeek, Chr.; Plehwe-Leisen, E.: Konservierung von Stein und Wandmalerei im Tempel Ptolemaios II. in Athribis. In: Athribis I. General Site Survey 2003 \u2013 2007. Archaeological &amp; Conservation Studies. IFAO, Cairo 2012, S. 220-280<\/p>\n<p>Brinkmann, S. &amp; Verbeek, C.: Erhalt einer k\u00fcnstlichen Grottenarchitektur \u2013 Konzeptentwicklung und praktische Umsetzung. In: Die Herkulesgrotte in Worms. Sch\u00e4den, Konzepte, Ma\u00dfnahmen. IFS Bericht 45\/2013, S. 69-118<\/p>\n<p>Brinkmann, S. &amp; Verbeek, Chr. (Hrsg.): CTT \u2013 Conservation of Theban Temples and Tombs. Symposium Proceedings, February 2016, Luxor<\/p>\n<p>Brinkmann, S. &amp; Verbeek, Chr.: online and interactive \u2013 CTT a Platform for Conservation in Luxor. <em>Festschrift<\/em> Prof. Dr. Zolt\u00e1n Imre F\u00e1bi\u00e1n, 2018,&nbsp; S. 48 \u2013 65 <\/p>\n<p>Brinkmann, S. &amp; Verbeek, Chr.: Ber\u00fchrungslose Reinigung &#8211; M\u00f6glichkeiten und Grenzen der Lasertechnik. In: Reinigungsmethoden f\u00fcr denkmalgesch\u00fctzte Oberfl\u00e4chen. IFS Bericht 66\/2024, S. 45-52<\/p><p>Brinkmann, S., Pawlik, A., Verbeek, Chr.: In untaliger Arbeit, \nmeisterlich und kunstreich. Die Verwendung von Alabaster in der Fr\u00fchen \nNeuzeit am Beispiel der Alt\u00e4re im Bonner M\u00fcnster. In: Jahrbuch der \nRheinischen Denkmalpflege 49. \/ 2024. S. 160-185<\/p>\t\t\t\t\t\t<\/div>\n\t\t\t\t<\/div>\n\t\t\t\t\t<\/div>\n\t\t<\/div>\n\t\t\t\t<div class=\"elementor-column elementor-col-25 elementor-top-column elementor-element elementor-element-3e8b222\" data-id=\"3e8b222\" data-element_type=\"column\">\n\t\t\t<div class=\"elementor-widget-wrap\">\n\t\t\t\t\t\t\t\t\t<\/div>\n\t\t<\/div>\n\t\t\t\t\t\t\t<\/div>\n\t\t<\/section>\n\t\t\t\t\t\t\t<\/div>\n\t\t","protected":false},"excerpt":{"rendered":"<p>Vortr\u00e4ge &#038; Publikationen Vortr\u00e4ge (Auswahl) 20.11.2024Ber\u00fchrungslose Reinigung &#8211; M\u00f6glichkeiten und Grenzen der Lasertechnik. IfS Tagung Hanau 13.12.2023Der portable Laser CL20 in der Restaurierung. Online Vortrag im Rahmen der Fortbildung zu Laserreinigung des ISKD 06.09.2016N\u00fcrnberg, St. Lorenz: Restaurierungsprojekt \u201cSch\u00f6ne Madonna\u201d und Anbetungsgruppe \u2013 Ein Zwischenbericht 01.09.2016Mainz, St. Ignaz: Restaurierung des Innenraumes der klassizistischen Kirche St. Ignaz [&hellip;]<\/p>\n","protected":false},"author":1,"featured_media":0,"parent":0,"menu_order":0,"comment_status":"closed","ping_status":"closed","template":"","meta":{"footnotes":""},"class_list":["post-522","page","type-page","status-publish","hentry"],"acf":[],"aioseo_notices":[],"_links":{"self":[{"href":"http:\/\/kunstrestaurierung.de\/index.php?rest_route=\/wp\/v2\/pages\/522","targetHints":{"allow":["GET"]}}],"collection":[{"href":"http:\/\/kunstrestaurierung.de\/index.php?rest_route=\/wp\/v2\/pages"}],"about":[{"href":"http:\/\/kunstrestaurierung.de\/index.php?rest_route=\/wp\/v2\/types\/page"}],"author":[{"embeddable":true,"href":"http:\/\/kunstrestaurierung.de\/index.php?rest_route=\/wp\/v2\/users\/1"}],"replies":[{"embeddable":true,"href":"http:\/\/kunstrestaurierung.de\/index.php?rest_route=%2Fwp%2Fv2%2Fcomments&post=522"}],"version-history":[{"count":32,"href":"http:\/\/kunstrestaurierung.de\/index.php?rest_route=\/wp\/v2\/pages\/522\/revisions"}],"predecessor-version":[{"id":1122,"href":"http:\/\/kunstrestaurierung.de\/index.php?rest_route=\/wp\/v2\/pages\/522\/revisions\/1122"}],"wp:attachment":[{"href":"http:\/\/kunstrestaurierung.de\/index.php?rest_route=%2Fwp%2Fv2%2Fmedia&parent=522"}],"curies":[{"name":"wp","href":"https:\/\/api.w.org\/{rel}","templated":true}]}}